{"id":315,"date":"2024-01-24T20:30:23","date_gmt":"2024-01-24T19:30:23","guid":{"rendered":"https:\/\/www.marcel-noack.de\/?page_id=315"},"modified":"2024-01-25T21:52:48","modified_gmt":"2024-01-25T20:52:48","slug":"struga-na-wson-gwalt-portfolio","status":"publish","type":"page","link":"https:\/\/www.marcel-noack.de\/?page_id=315","title":{"rendered":"STRUGA. NA W\u0160\u00d3N GWA\u0141T (Portfolio)"},"content":{"rendered":"\n<div class=\"_df_book df-lite\" id=\"df_311\"  _slug=\"struga-porftolio\" data-title=\"struga-porftolio\" wpoptions=\"true\" thumbtype=\"\" ><\/div><script class=\"df-shortcode-script\" nowprocket type=\"application\/javascript\">window.option_df_311 = {\"outline\":[],\"autoEnableOutline\":\"false\",\"autoEnableThumbnail\":\"false\",\"overwritePDFOutline\":\"false\",\"direction\":\"1\",\"pageSize\":\"0\",\"source\":\"https:\\\/\\\/www.marcel-noack.de\\\/wp-content\\\/uploads\\\/2024\\\/01\\\/20240125_Struga_PF_MarcelNoack_DS_DE_www-1.pdf\",\"wpOptions\":\"true\"}; if(window.DFLIP && window.DFLIP.parseBooks){window.DFLIP.parseBooks();}<\/script>\n","protected":false},"excerpt":{"rendered":"<div class=\"wrap-excerpt-more\"><a class=\"excerpt-more\" href=\"https:\/\/www.marcel-noack.de\/?page_id=315\">Read more<\/a><\/div>\n","protected":false},"author":1,"featured_media":0,"parent":74,"menu_order":0,"comment_status":"closed","ping_status":"closed","template":"","meta":{"footnotes":""},"class_list":["post-315","page","type-page","status-publish","hentry","post--no-featured-image"],"_links":{"self":[{"href":"https:\/\/www.marcel-noack.de\/index.php?rest_route=\/wp\/v2\/pages\/315","targetHints":{"allow":["GET"]}}],"collection":[{"href":"https:\/\/www.marcel-noack.de\/index.php?rest_route=\/wp\/v2\/pages"}],"about":[{"href":"https:\/\/www.marcel-noack.de\/index.php?rest_route=\/wp\/v2\/types\/page"}],"author":[{"embeddable":true,"href":"https:\/\/www.marcel-noack.de\/index.php?rest_route=\/wp\/v2\/users\/1"}],"replies":[{"embeddable":true,"href":"https:\/\/www.marcel-noack.de\/index.php?rest_route=%2Fwp%2Fv2%2Fcomments&post=315"}],"version-history":[{"count":1,"href":"https:\/\/www.marcel-noack.de\/index.php?rest_route=\/wp\/v2\/pages\/315\/revisions"}],"predecessor-version":[{"id":316,"href":"https:\/\/www.marcel-noack.de\/index.php?rest_route=\/wp\/v2\/pages\/315\/revisions\/316"}],"up":[{"embeddable":true,"href":"https:\/\/www.marcel-noack.de\/index.php?rest_route=\/wp\/v2\/pages\/74"}],"wp:attachment":[{"href":"https:\/\/www.marcel-noack.de\/index.php?rest_route=%2Fwp%2Fv2%2Fmedia&parent=315"}],"curies":[{"name":"wp","href":"https:\/\/api.w.org\/{rel}","templated":true}]}}